{"id":362,"date":"2021-08-17T17:03:43","date_gmt":"2021-08-17T17:03:43","guid":{"rendered":"https:\/\/demo.athemes.com\/botiga\/?page_id=362"},"modified":"2023-04-15T15:17:25","modified_gmt":"2023-04-15T15:17:25","slug":"home-2","status":"publish","type":"page","link":"https:\/\/planintegral.info\/","title":{"rendered":"Inicio"},"content":{"rendered":"\t\t<div data-elementor-type=\"wp-page\" data-elementor-id=\"362\" class=\"elementor elementor-362\">\n\t\t\t\t\t\t<section class=\"elementor-section elementor-top-section elementor-element elementor-element-2fa26f79 elementor-section-content-middle elementor-reverse-mobile elementor-section-boxed elementor-section-height-default elementor-section-height-default\" data-id=\"2fa26f79\" data-element_type=\"section\" data-e-type=\"section\">\n\t\t\t\t\t\t<div class=\"elementor-container elementor-column-gap-no\">\n\t\t\t\t\t<div class=\"elementor-column elementor-col-50 elementor-top-column elementor-element elementor-element-21e9b9b4\" data-id=\"21e9b9b4\" data-element_type=\"column\" data-e-type=\"column\">\n\t\t\t<div class=\"elementor-widget-wrap elementor-element-populated\">\n\t\t\t\t\t\t<div class=\"elementor-element elementor-element-71181c6a elementor-invisible elementor-widget elementor-widget-heading\" data-id=\"71181c6a\" data-element_type=\"widget\" data-e-type=\"widget\" data-settings=\"{&quot;_animation&quot;:&quot;fadeInUpShorter&quot;}\" data-widget_type=\"heading.default\">\n\t\t\t\t<div class=\"elementor-widget-container\">\n\t\t\t\t\t<h4 class=\"elementor-heading-title elementor-size-default\">Plan de acompa\u00f1amiento diario \"Un d\u00eda a la vez\"<\/h4>\t\t\t\t<\/div>\n\t\t\t\t<\/div>\n\t\t\t\t<div class=\"elementor-element elementor-element-16d03b8f elementor-invisible elementor-widget elementor-widget-text-editor\" data-id=\"16d03b8f\" data-element_type=\"widget\" data-e-type=\"widget\" data-settings=\"{&quot;_animation&quot;:&quot;fadeInDownShorter&quot;}\" data-widget_type=\"text-editor.default\">\n\t\t\t\t<div class=\"elementor-widget-container\">\n\t\t\t\t\t\t\t\t\t<p>Les presentamos: <strong><em><span style=\"text-decoration: underline;\">Los Nuevos Planes de Acompa\u00f1amiento diario &#8220;Un d\u00eda a la vez&#8221; separados por Fases!<\/span><\/em><br><\/strong><\/p>\n<p>Estamos muy orgullosas de poder brindarles herramientas y acompa\u00f1arles en sus cambios.<\/p>\t\t\t\t\t\t\t\t<\/div>\n\t\t\t\t<\/div>\n\t\t\t\t<div class=\"elementor-element elementor-element-636852e4 elementor-tablet-align-center elementor-widget elementor-widget-button\" data-id=\"636852e4\" data-element_type=\"widget\" data-e-type=\"widget\" data-widget_type=\"button.default\">\n\t\t\t\t<div class=\"elementor-widget-container\">\n\t\t\t\t\t\t\t\t\t<div class=\"elementor-button-wrapper\">\n\t\t\t\t\t<a class=\"elementor-button elementor-button-link elementor-size-sm elementor-animation-grow\" href=\"https:\/\/planintegral.info\/?product=plan-integral-un-dia-a-la-vez-con-acompanamiento-diario-14-dias#\">\n\t\t\t\t\t\t<span class=\"elementor-button-content-wrapper\">\n\t\t\t\t\t\t\t\t\t<span class=\"elementor-button-text\">Saber m\u00e1s<\/span>\n\t\t\t\t\t<\/span>\n\t\t\t\t\t<\/a>\n\t\t\t\t<\/div>\n\t\t\t\t\t\t\t\t<\/div>\n\t\t\t\t<\/div>\n\t\t\t\t\t<\/div>\n\t\t<\/div>\n\t\t\t\t<div class=\"elementor-column elementor-col-50 elementor-top-column elementor-element elementor-element-3a196306\" data-id=\"3a196306\" data-element_type=\"column\" data-e-type=\"column\">\n\t\t\t<div class=\"elementor-widget-wrap elementor-element-populated\">\n\t\t\t\t\t\t<div class=\"elementor-element elementor-element-30fa1ea5 elementor-invisible elementor-widget elementor-widget-image\" data-id=\"30fa1ea5\" data-element_type=\"widget\" data-e-type=\"widget\" data-settings=\"{&quot;_animation&quot;:&quot;bounceInRight&quot;}\" data-widget_type=\"image.default\">\n\t\t\t\t<div class=\"elementor-widget-container\">\n\t\t\t\t\t\t\t\t\t\t\t\t\t\t\t<img fetchpriority=\"high\" decoding=\"async\" width=\"1066\" height=\"1069\" src=\"https:\/\/i0.wp.com\/planintegral.info\/wp-content\/uploads\/2023\/03\/Fase-1-e1681568479375.png?fit=1066%2C1069&amp;ssl=1\" class=\"attachment-full size-full wp-image-1243\" alt=\"\" srcset=\"https:\/\/i0.wp.com\/planintegral.info\/wp-content\/uploads\/2023\/03\/Fase-1-e1681568479375.png?w=1066&amp;ssl=1 1066w, https:\/\/i0.wp.com\/planintegral.info\/wp-content\/uploads\/2023\/03\/Fase-1-e1681568479375.png?resize=300%2C300&amp;ssl=1 300w, https:\/\/i0.wp.com\/planintegral.info\/wp-content\/uploads\/2023\/03\/Fase-1-e1681568479375.png?resize=1021%2C1024&amp;ssl=1 1021w, https:\/\/i0.wp.com\/planintegral.info\/wp-content\/uploads\/2023\/03\/Fase-1-e1681568479375.png?resize=150%2C150&amp;ssl=1 150w, https:\/\/i0.wp.com\/planintegral.info\/wp-content\/uploads\/2023\/03\/Fase-1-e1681568479375.png?resize=768%2C770&amp;ssl=1 768w, https:\/\/i0.wp.com\/planintegral.info\/wp-content\/uploads\/2023\/03\/Fase-1-e1681568479375.png?resize=920%2C923&amp;ssl=1 920w, https:\/\/i0.wp.com\/planintegral.info\/wp-content\/uploads\/2023\/03\/Fase-1-e1681568479375.png?resize=575%2C577&amp;ssl=1 575w, https:\/\/i0.wp.com\/planintegral.info\/wp-content\/uploads\/2023\/03\/Fase-1-e1681568479375.png?resize=380%2C381&amp;ssl=1 380w, https:\/\/i0.wp.com\/planintegral.info\/wp-content\/uploads\/2023\/03\/Fase-1-e1681568479375.png?resize=420%2C420&amp;ssl=1 420w, https:\/\/i0.wp.com\/planintegral.info\/wp-content\/uploads\/2023\/03\/Fase-1-e1681568479375.png?resize=800%2C802&amp;ssl=1 800w, https:\/\/i0.wp.com\/planintegral.info\/wp-content\/uploads\/2023\/03\/Fase-1-e1681568479375.png?resize=100%2C100&amp;ssl=1 100w\" sizes=\"(max-width: 1066px) 100vw, 1066px\" \/>\t\t\t\t\t\t\t\t\t\t\t\t\t\t\t<\/div>\n\t\t\t\t<\/div>\n\t\t\t\t\t<\/div>\n\t\t<\/div>\n\t\t\t\t\t<\/div>\n\t\t<\/section>\n\t\t\t\t<section class=\"elementor-section elementor-top-section elementor-element elementor-element-ab934f0 elementor-section-boxed elementor-section-height-default elementor-section-height-default\" data-id=\"ab934f0\" data-element_type=\"section\" data-e-type=\"section\">\n\t\t\t\t\t\t<div class=\"elementor-container elementor-column-gap-default\">\n\t\t\t\t\t<div class=\"elementor-column elementor-col-100 elementor-top-column elementor-element elementor-element-c3d9264\" data-id=\"c3d9264\" data-element_type=\"column\" data-e-type=\"column\">\n\t\t\t<div class=\"elementor-widget-wrap elementor-element-populated\">\n\t\t\t\t\t\t<div class=\"elementor-element elementor-element-58ec189 elementor-invisible elementor-widget elementor-widget-heading\" data-id=\"58ec189\" data-element_type=\"widget\" data-e-type=\"widget\" data-settings=\"{&quot;_animation&quot;:&quot;fadeInRightShorter&quot;}\" data-widget_type=\"heading.default\">\n\t\t\t\t<div class=\"elementor-widget-container\">\n\t\t\t\t\t<h2 class=\"elementor-heading-title elementor-size-default\">Todos los E-books disponibles<\/h2>\t\t\t\t<\/div>\n\t\t\t\t<\/div>\n\t\t\t\t\t<\/div>\n\t\t<\/div>\n\t\t\t\t\t<\/div>\n\t\t<\/section>\n\t\t\t\t<section class=\"elementor-section elementor-top-section elementor-element elementor-element-f6d1621 elementor-section-boxed elementor-section-height-default elementor-section-height-default\" data-id=\"f6d1621\" data-element_type=\"section\" data-e-type=\"section\">\n\t\t\t\t\t\t<div class=\"elementor-container elementor-column-gap-default\">\n\t\t\t\t\t<div class=\"elementor-column elementor-col-25 elementor-top-column elementor-element elementor-element-97b8299\" data-id=\"97b8299\" data-element_type=\"column\" data-e-type=\"column\">\n\t\t\t<div class=\"elementor-widget-wrap elementor-element-populated\">\n\t\t\t\t\t\t<div class=\"elementor-element elementor-element-3bd92bf elementor-invisible elementor-widget elementor-widget-image\" data-id=\"3bd92bf\" data-element_type=\"widget\" data-e-type=\"widget\" data-settings=\"{&quot;_animation&quot;:&quot;tada&quot;}\" data-widget_type=\"image.default\">\n\t\t\t\t<div class=\"elementor-widget-container\">\n\t\t\t\t\t\t\t\t\t\t\t\t\t\t\t<img decoding=\"async\" width=\"1024\" height=\"1024\" src=\"https:\/\/i0.wp.com\/planintegral.info\/wp-content\/uploads\/2023\/03\/Mockup-E-book-50-Recetas-Simples-y-Faciles.png?fit=1024%2C1024&amp;ssl=1\" class=\"attachment-large size-large wp-image-1173\" alt=\"\" srcset=\"https:\/\/i0.wp.com\/planintegral.info\/wp-content\/uploads\/2023\/03\/Mockup-E-book-50-Recetas-Simples-y-Faciles.png?w=1080&amp;ssl=1 1080w, https:\/\/i0.wp.com\/planintegral.info\/wp-content\/uploads\/2023\/03\/Mockup-E-book-50-Recetas-Simples-y-Faciles.png?resize=300%2C300&amp;ssl=1 300w, https:\/\/i0.wp.com\/planintegral.info\/wp-content\/uploads\/2023\/03\/Mockup-E-book-50-Recetas-Simples-y-Faciles.png?resize=1024%2C1024&amp;ssl=1 1024w, https:\/\/i0.wp.com\/planintegral.info\/wp-content\/uploads\/2023\/03\/Mockup-E-book-50-Recetas-Simples-y-Faciles.png?resize=150%2C150&amp;ssl=1 150w, https:\/\/i0.wp.com\/planintegral.info\/wp-content\/uploads\/2023\/03\/Mockup-E-book-50-Recetas-Simples-y-Faciles.png?resize=768%2C768&amp;ssl=1 768w, https:\/\/i0.wp.com\/planintegral.info\/wp-content\/uploads\/2023\/03\/Mockup-E-book-50-Recetas-Simples-y-Faciles.png?resize=920%2C920&amp;ssl=1 920w, https:\/\/i0.wp.com\/planintegral.info\/wp-content\/uploads\/2023\/03\/Mockup-E-book-50-Recetas-Simples-y-Faciles.png?resize=575%2C575&amp;ssl=1 575w, https:\/\/i0.wp.com\/planintegral.info\/wp-content\/uploads\/2023\/03\/Mockup-E-book-50-Recetas-Simples-y-Faciles.png?resize=380%2C380&amp;ssl=1 380w, https:\/\/i0.wp.com\/planintegral.info\/wp-content\/uploads\/2023\/03\/Mockup-E-book-50-Recetas-Simples-y-Faciles.png?resize=420%2C420&amp;ssl=1 420w, https:\/\/i0.wp.com\/planintegral.info\/wp-content\/uploads\/2023\/03\/Mockup-E-book-50-Recetas-Simples-y-Faciles.png?resize=800%2C800&amp;ssl=1 800w, https:\/\/i0.wp.com\/planintegral.info\/wp-content\/uploads\/2023\/03\/Mockup-E-book-50-Recetas-Simples-y-Faciles.png?resize=100%2C100&amp;ssl=1 100w\" sizes=\"(max-width: 1024px) 100vw, 1024px\" \/>\t\t\t\t\t\t\t\t\t\t\t\t\t\t\t<\/div>\n\t\t\t\t<\/div>\n\t\t\t\t<div class=\"elementor-element elementor-element-619e7c8 elementor-align-center elementor-widget elementor-widget-button\" data-id=\"619e7c8\" data-element_type=\"widget\" data-e-type=\"widget\" data-widget_type=\"button.default\">\n\t\t\t\t<div class=\"elementor-widget-container\">\n\t\t\t\t\t\t\t\t\t<div class=\"elementor-button-wrapper\">\n\t\t\t\t\t<a class=\"elementor-button elementor-button-link elementor-size-sm\" href=\"https:\/\/planintegral.info\/?product=e-book-50-recetas-simples-y-faciles\">\n\t\t\t\t\t\t<span class=\"elementor-button-content-wrapper\">\n\t\t\t\t\t\t\t\t\t<span class=\"elementor-button-text\">Haz clic aqu\u00ed<\/span>\n\t\t\t\t\t<\/span>\n\t\t\t\t\t<\/a>\n\t\t\t\t<\/div>\n\t\t\t\t\t\t\t\t<\/div>\n\t\t\t\t<\/div>\n\t\t\t\t\t<\/div>\n\t\t<\/div>\n\t\t\t\t<div class=\"elementor-column elementor-col-25 elementor-top-column elementor-element elementor-element-704c140\" data-id=\"704c140\" data-element_type=\"column\" data-e-type=\"column\">\n\t\t\t<div class=\"elementor-widget-wrap elementor-element-populated\">\n\t\t\t\t\t\t<div class=\"elementor-element elementor-element-7550663 elementor-invisible elementor-widget elementor-widget-image\" data-id=\"7550663\" data-element_type=\"widget\" data-e-type=\"widget\" data-settings=\"{&quot;_animation&quot;:&quot;tada&quot;}\" data-widget_type=\"image.default\">\n\t\t\t\t<div class=\"elementor-widget-container\">\n\t\t\t\t\t\t\t\t\t\t\t\t\t\t\t<img decoding=\"async\" width=\"1024\" height=\"1024\" src=\"https:\/\/i0.wp.com\/planintegral.info\/wp-content\/uploads\/2023\/03\/Mockup-E-book-Mi-Plan-Integral-Plan-14-dias.png?fit=1024%2C1024&amp;ssl=1\" class=\"attachment-large size-large wp-image-1174\" alt=\"\" srcset=\"https:\/\/i0.wp.com\/planintegral.info\/wp-content\/uploads\/2023\/03\/Mockup-E-book-Mi-Plan-Integral-Plan-14-dias.png?w=1080&amp;ssl=1 1080w, https:\/\/i0.wp.com\/planintegral.info\/wp-content\/uploads\/2023\/03\/Mockup-E-book-Mi-Plan-Integral-Plan-14-dias.png?resize=300%2C300&amp;ssl=1 300w, https:\/\/i0.wp.com\/planintegral.info\/wp-content\/uploads\/2023\/03\/Mockup-E-book-Mi-Plan-Integral-Plan-14-dias.png?resize=1024%2C1024&amp;ssl=1 1024w, https:\/\/i0.wp.com\/planintegral.info\/wp-content\/uploads\/2023\/03\/Mockup-E-book-Mi-Plan-Integral-Plan-14-dias.png?resize=150%2C150&amp;ssl=1 150w, https:\/\/i0.wp.com\/planintegral.info\/wp-content\/uploads\/2023\/03\/Mockup-E-book-Mi-Plan-Integral-Plan-14-dias.png?resize=768%2C768&amp;ssl=1 768w, https:\/\/i0.wp.com\/planintegral.info\/wp-content\/uploads\/2023\/03\/Mockup-E-book-Mi-Plan-Integral-Plan-14-dias.png?resize=920%2C920&amp;ssl=1 920w, https:\/\/i0.wp.com\/planintegral.info\/wp-content\/uploads\/2023\/03\/Mockup-E-book-Mi-Plan-Integral-Plan-14-dias.png?resize=575%2C575&amp;ssl=1 575w, https:\/\/i0.wp.com\/planintegral.info\/wp-content\/uploads\/2023\/03\/Mockup-E-book-Mi-Plan-Integral-Plan-14-dias.png?resize=380%2C380&amp;ssl=1 380w, https:\/\/i0.wp.com\/planintegral.info\/wp-content\/uploads\/2023\/03\/Mockup-E-book-Mi-Plan-Integral-Plan-14-dias.png?resize=420%2C420&amp;ssl=1 420w, https:\/\/i0.wp.com\/planintegral.info\/wp-content\/uploads\/2023\/03\/Mockup-E-book-Mi-Plan-Integral-Plan-14-dias.png?resize=800%2C800&amp;ssl=1 800w, https:\/\/i0.wp.com\/planintegral.info\/wp-content\/uploads\/2023\/03\/Mockup-E-book-Mi-Plan-Integral-Plan-14-dias.png?resize=100%2C100&amp;ssl=1 100w\" sizes=\"(max-width: 1024px) 100vw, 1024px\" \/>\t\t\t\t\t\t\t\t\t\t\t\t\t\t\t<\/div>\n\t\t\t\t<\/div>\n\t\t\t\t<div class=\"elementor-element elementor-element-39ea24d elementor-align-center elementor-widget elementor-widget-button\" data-id=\"39ea24d\" data-element_type=\"widget\" data-e-type=\"widget\" data-widget_type=\"button.default\">\n\t\t\t\t<div class=\"elementor-widget-container\">\n\t\t\t\t\t\t\t\t\t<div class=\"elementor-button-wrapper\">\n\t\t\t\t\t<a class=\"elementor-button elementor-button-link elementor-size-sm\" href=\"https:\/\/planintegral.info\/?product=e-book-mi-plan-integral-plan-14-dias\">\n\t\t\t\t\t\t<span class=\"elementor-button-content-wrapper\">\n\t\t\t\t\t\t\t\t\t<span class=\"elementor-button-text\">Haz clic aqu\u00ed<\/span>\n\t\t\t\t\t<\/span>\n\t\t\t\t\t<\/a>\n\t\t\t\t<\/div>\n\t\t\t\t\t\t\t\t<\/div>\n\t\t\t\t<\/div>\n\t\t\t\t\t<\/div>\n\t\t<\/div>\n\t\t\t\t<div class=\"elementor-column elementor-col-25 elementor-top-column elementor-element elementor-element-b76af22\" data-id=\"b76af22\" data-element_type=\"column\" data-e-type=\"column\">\n\t\t\t<div class=\"elementor-widget-wrap elementor-element-populated\">\n\t\t\t\t\t\t<div class=\"elementor-element elementor-element-09b40fa elementor-invisible elementor-widget elementor-widget-image\" data-id=\"09b40fa\" data-element_type=\"widget\" data-e-type=\"widget\" data-settings=\"{&quot;_animation&quot;:&quot;tada&quot;}\" data-widget_type=\"image.default\">\n\t\t\t\t<div class=\"elementor-widget-container\">\n\t\t\t\t\t\t\t\t\t\t\t\t\t\t\t<img decoding=\"async\" src=\"https:\/\/i0.wp.com\/planintegral.info\/wp-content\/uploads\/2023\/04\/Guia-de-Alimentacion.png?fit=1000%2C1000&#038;ssl=1\" title=\"Gu\u00eda de Alimentaci\u00f3n\" alt=\"Gu\u00eda de Alimentaci\u00f3n\" loading=\"lazy\" \/>\t\t\t\t\t\t\t\t\t\t\t\t\t\t\t<\/div>\n\t\t\t\t<\/div>\n\t\t\t\t<div class=\"elementor-element elementor-element-416cc92 elementor-align-center elementor-widget elementor-widget-button\" data-id=\"416cc92\" data-element_type=\"widget\" data-e-type=\"widget\" data-widget_type=\"button.default\">\n\t\t\t\t<div class=\"elementor-widget-container\">\n\t\t\t\t\t\t\t\t\t<div class=\"elementor-button-wrapper\">\n\t\t\t\t\t<a class=\"elementor-button elementor-button-link elementor-size-sm\" href=\"https:\/\/planintegral.info\/?product=e-book-guia-de-alimentacion-low-carb-high-fat\">\n\t\t\t\t\t\t<span class=\"elementor-button-content-wrapper\">\n\t\t\t\t\t\t\t\t\t<span class=\"elementor-button-text\">Haz clic aqu\u00ed<\/span>\n\t\t\t\t\t<\/span>\n\t\t\t\t\t<\/a>\n\t\t\t\t<\/div>\n\t\t\t\t\t\t\t\t<\/div>\n\t\t\t\t<\/div>\n\t\t\t\t\t<\/div>\n\t\t<\/div>\n\t\t\t\t<div class=\"elementor-column elementor-col-25 elementor-top-column elementor-element elementor-element-478ae2b\" data-id=\"478ae2b\" data-element_type=\"column\" data-e-type=\"column\">\n\t\t\t<div class=\"elementor-widget-wrap elementor-element-populated\">\n\t\t\t\t\t\t<div class=\"elementor-element elementor-element-5e6359b elementor-invisible elementor-widget elementor-widget-image\" data-id=\"5e6359b\" data-element_type=\"widget\" data-e-type=\"widget\" data-settings=\"{&quot;_animation&quot;:&quot;tada&quot;}\" data-widget_type=\"image.default\">\n\t\t\t\t<div class=\"elementor-widget-container\">\n\t\t\t\t\t\t\t\t\t\t\t\t\t\t\t<img loading=\"lazy\" decoding=\"async\" width=\"1024\" height=\"1024\" src=\"https:\/\/i0.wp.com\/planintegral.info\/wp-content\/uploads\/2023\/03\/Diseno-sin-titulo-1-e1681325641846.png?fit=1024%2C1024&amp;ssl=1\" class=\"attachment-large size-large wp-image-1232\" alt=\"\" srcset=\"https:\/\/i0.wp.com\/planintegral.info\/wp-content\/uploads\/2023\/03\/Diseno-sin-titulo-1-e1681325641846.png?w=1080&amp;ssl=1 1080w, https:\/\/i0.wp.com\/planintegral.info\/wp-content\/uploads\/2023\/03\/Diseno-sin-titulo-1-e1681325641846.png?resize=300%2C300&amp;ssl=1 300w, https:\/\/i0.wp.com\/planintegral.info\/wp-content\/uploads\/2023\/03\/Diseno-sin-titulo-1-e1681325641846.png?resize=1024%2C1024&amp;ssl=1 1024w, https:\/\/i0.wp.com\/planintegral.info\/wp-content\/uploads\/2023\/03\/Diseno-sin-titulo-1-e1681325641846.png?resize=150%2C150&amp;ssl=1 150w, https:\/\/i0.wp.com\/planintegral.info\/wp-content\/uploads\/2023\/03\/Diseno-sin-titulo-1-e1681325641846.png?resize=768%2C768&amp;ssl=1 768w, https:\/\/i0.wp.com\/planintegral.info\/wp-content\/uploads\/2023\/03\/Diseno-sin-titulo-1-e1681325641846.png?resize=920%2C920&amp;ssl=1 920w, https:\/\/i0.wp.com\/planintegral.info\/wp-content\/uploads\/2023\/03\/Diseno-sin-titulo-1-e1681325641846.png?resize=575%2C575&amp;ssl=1 575w, https:\/\/i0.wp.com\/planintegral.info\/wp-content\/uploads\/2023\/03\/Diseno-sin-titulo-1-e1681325641846.png?resize=380%2C380&amp;ssl=1 380w, https:\/\/i0.wp.com\/planintegral.info\/wp-content\/uploads\/2023\/03\/Diseno-sin-titulo-1-e1681325641846.png?resize=420%2C420&amp;ssl=1 420w, https:\/\/i0.wp.com\/planintegral.info\/wp-content\/uploads\/2023\/03\/Diseno-sin-titulo-1-e1681325641846.png?resize=800%2C800&amp;ssl=1 800w, https:\/\/i0.wp.com\/planintegral.info\/wp-content\/uploads\/2023\/03\/Diseno-sin-titulo-1-e1681325641846.png?resize=100%2C100&amp;ssl=1 100w\" sizes=\"(max-width: 1024px) 100vw, 1024px\" \/>\t\t\t\t\t\t\t\t\t\t\t\t\t\t\t<\/div>\n\t\t\t\t<\/div>\n\t\t\t\t<div class=\"elementor-element elementor-element-5145c51 elementor-align-center elementor-widget elementor-widget-button\" data-id=\"5145c51\" data-element_type=\"widget\" data-e-type=\"widget\" data-widget_type=\"button.default\">\n\t\t\t\t<div class=\"elementor-widget-container\">\n\t\t\t\t\t\t\t\t\t<div class=\"elementor-button-wrapper\">\n\t\t\t\t\t<a class=\"elementor-button elementor-button-link elementor-size-sm\" href=\"https:\/\/planintegral.info\/?product=e-book-desafio-7-dias-ayuno-intermitente\">\n\t\t\t\t\t\t<span class=\"elementor-button-content-wrapper\">\n\t\t\t\t\t\t\t\t\t<span class=\"elementor-button-text\">Haz clic aqu\u00ed<\/span>\n\t\t\t\t\t<\/span>\n\t\t\t\t\t<\/a>\n\t\t\t\t<\/div>\n\t\t\t\t\t\t\t\t<\/div>\n\t\t\t\t<\/div>\n\t\t\t\t\t<\/div>\n\t\t<\/div>\n\t\t\t\t\t<\/div>\n\t\t<\/section>\n\t\t\t\t<\/div>\n\t\t","protected":false},"excerpt":{"rendered":"<p>Plan de acompa\u00f1amiento diario &#8220;Un d\u00eda a la vez&#8221; Les presentamos: Los Nuevos Planes de Acompa\u00f1amiento diario &#8220;Un d\u00eda a la vez&#8221; separados por Fases! Estamos muy orgullosas de poder [&hellip;]<\/p>\n","protected":false},"author":1,"featured_media":0,"parent":0,"menu_order":0,"comment_status":"closed","ping_status":"closed","template":"","meta":{"footnotes":""},"class_list":["post-362","page","type-page","status-publish","hentry"],"jetpack_sharing_enabled":true,"_links":{"self":[{"href":"https:\/\/planintegral.info\/index.php?rest_route=\/wp\/v2\/pages\/362","targetHints":{"allow":["GET"]}}],"collection":[{"href":"https:\/\/planintegral.info\/index.php?rest_route=\/wp\/v2\/pages"}],"about":[{"href":"https:\/\/planintegral.info\/index.php?rest_route=\/wp\/v2\/types\/page"}],"author":[{"embeddable":true,"href":"https:\/\/planintegral.info\/index.php?rest_route=\/wp\/v2\/users\/1"}],"replies":[{"embeddable":true,"href":"https:\/\/planintegral.info\/index.php?rest_route=%2Fwp%2Fv2%2Fcomments&post=362"}],"version-history":[{"count":82,"href":"https:\/\/planintegral.info\/index.php?rest_route=\/wp\/v2\/pages\/362\/revisions"}],"predecessor-version":[{"id":1253,"href":"https:\/\/planintegral.info\/index.php?rest_route=\/wp\/v2\/pages\/362\/revisions\/1253"}],"wp:attachment":[{"href":"https:\/\/planintegral.info\/index.php?rest_route=%2Fwp%2Fv2%2Fmedia&parent=362"}],"curies":[{"name":"wp","href":"https:\/\/api.w.org\/{rel}","templated":true}]}}