{"id":643,"date":"2023-03-03T20:34:22","date_gmt":"2023-03-03T20:34:22","guid":{"rendered":"https:\/\/planintegral.info\/?page_id=643"},"modified":"2023-03-03T20:34:22","modified_gmt":"2023-03-03T20:34:22","slug":"terminos-y-condiciones","status":"publish","type":"page","link":"https:\/\/planintegral.info\/?page_id=643","title":{"rendered":"T\u00e9rminos y Condiciones"},"content":{"rendered":"\n<p class=\"has-color-6-background-color has-background\"><strong>T\u00e9rminos y Condiciones<\/strong><\/p>\n\n\n\n<p>Bienvenido a nuestra tienda en l\u00ednea, donde puede comprar y descargar productos digitales. Estos t\u00e9rminos y condiciones rigen su uso de nuestro sitio web y los productos que nos compra. Al utilizar nuestro sitio web y comprar nuestros productos, usted acepta estos t\u00e9rminos y condiciones.<\/p>\n\n\n\n<p><strong>Uso de productos<\/strong><br>Nuestros productos digitales son solo para uso personal. No puede revender, distribuir o modificar nuestros productos sin nuestro permiso. Nos reservamos el derecho de revocar su acceso a nuestros productos si sospechamos que los est\u00e1 utilizando de manera inapropiada.<\/p>\n\n\n\n<p><strong>Pago y Reembolsos<\/strong><br>Utilizamos Mercado Pago para procesar los pagos de nuestros productos. Mercado Pago es responsable de proteger su informaci\u00f3n de pago de acuerdo a su propia pol\u00edtica de privacidad. Si tiene alguna pregunta o inquietud sobre su pago, comun\u00edquese directamente con Mercado Pago.<\/p>\n\n\n\n<p>No ofrecemos reembolsos por nuestros productos digitales. Si tiene alg\u00fan problema con su compra, comun\u00edquese con nosotros utilizando la informaci\u00f3n proporcionada en nuestro sitio web.<\/p>\n\n\n\n<p><strong>Informaci\u00f3n personal<\/strong><br>Recopilamos informaci\u00f3n personal de usted cuando realiza una compra en nuestro sitio web. Esta informaci\u00f3n se utiliza para preparar la factura de compra y para contactarlo en caso de consultas. No recopilamos datos con fines comerciales.<\/p>\n\n\n\n<p>Podemos usar su direcci\u00f3n de correo electr\u00f3nico para enviarle informaci\u00f3n sobre nuestros productos y promociones, pero solo si ha optado por recibir dichas comunicaciones. Puede optar por no recibir estas comunicaciones en cualquier momento cancelando su suscripci\u00f3n a nuestra lista de correo electr\u00f3nico.<\/p>\n\n\n\n<p>Si elige contactarnos a trav\u00e9s de WhatsApp, utilizaremos el n\u00famero de tel\u00e9fono m\u00f3vil que nos proporcione con el fin de responder a sus consultas. No compartiremos su n\u00famero de m\u00f3vil con terceros.<\/p>\n\n\n\n<p><strong>Propiedad intelectual<\/strong><br>Todo el contenido de nuestro sitio web, incluidos nuestros productos digitales, est\u00e1 protegido por derechos de autor y otras leyes de propiedad intelectual. No puede reproducir, distribuir o modificar nuestro contenido sin nuestro permiso.<\/p>\n\n\n\n<p><strong>Limitaci\u00f3n de responsabilidad<\/strong><br>No hacemos representaciones ni garant\u00edas sobre la precisi\u00f3n, integridad o idoneidad de nuestros productos para un prop\u00f3sito particular. No somos responsables de ning\u00fan da\u00f1o o p\u00e9rdida que surja del uso de nuestros productos o nuestro sitio web.<\/p>\n\n\n\n<p><strong>Ley que rige<\/strong><br>Estos t\u00e9rminos y condiciones se rigen por las leyes de [<strong>Ley N\u00ba 25.326 de Protecci\u00f3n de Datos Personales<\/strong>]. Cualquier disputa que surja de su uso de nuestro sitio web o nuestros productos se resolver\u00e1 en [insertar el foro para la resoluci\u00f3n de disputas].<\/p>\n\n\n\n<p><strong>Actualizaciones a estos T\u00e9rminos y Condiciones<\/strong><br>Podemos actualizar estos t\u00e9rminos y condiciones de vez en cuando. Si realizamos cambios materiales, publicaremos un aviso en nuestro sitio web y actualizaremos la &#8220;fecha de vigencia&#8221; en la parte superior de esta pol\u00edtica. Le recomendamos que revise estos t\u00e9rminos y condiciones peri\u00f3dicamente para mantenerse informado sobre nuestras pol\u00edticas.<\/p>\n\n\n\n<p><strong>Cont\u00e1ctenos<\/strong><br>Si tiene alguna pregunta o inquietud sobre estos t\u00e9rminos y condiciones o nuestras pr\u00e1cticas, cont\u00e1ctenos en planintegral1+terminosycondiciones@planintegral1@gmail.com.<\/p>\n","protected":false},"excerpt":{"rendered":"<p>T\u00e9rminos y Condiciones Bienvenido a nuestra tienda en l\u00ednea, donde puede comprar y descargar productos digitales. Estos t\u00e9rminos y condiciones rigen su uso de nuestro sitio web y los productos [&hellip;]<\/p>\n","protected":false},"author":1,"featured_media":0,"parent":0,"menu_order":0,"comment_status":"closed","ping_status":"closed","template":"","meta":{"footnotes":""},"class_list":["post-643","page","type-page","status-publish","hentry"],"jetpack_sharing_enabled":true,"_links":{"self":[{"href":"https:\/\/planintegral.info\/index.php?rest_route=\/wp\/v2\/pages\/643","targetHints":{"allow":["GET"]}}],"collection":[{"href":"https:\/\/planintegral.info\/index.php?rest_route=\/wp\/v2\/pages"}],"about":[{"href":"https:\/\/planintegral.info\/index.php?rest_route=\/wp\/v2\/types\/page"}],"author":[{"embeddable":true,"href":"https:\/\/planintegral.info\/index.php?rest_route=\/wp\/v2\/users\/1"}],"replies":[{"embeddable":true,"href":"https:\/\/planintegral.info\/index.php?rest_route=%2Fwp%2Fv2%2Fcomments&post=643"}],"version-history":[{"count":2,"href":"https:\/\/planintegral.info\/index.php?rest_route=\/wp\/v2\/pages\/643\/revisions"}],"predecessor-version":[{"id":912,"href":"https:\/\/planintegral.info\/index.php?rest_route=\/wp\/v2\/pages\/643\/revisions\/912"}],"wp:attachment":[{"href":"https:\/\/planintegral.info\/index.php?rest_route=%2Fwp%2Fv2%2Fmedia&parent=643"}],"curies":[{"name":"wp","href":"https:\/\/api.w.org\/{rel}","templated":true}]}}