{"id":515,"date":"2023-03-03T12:15:19","date_gmt":"2023-03-03T12:15:19","guid":{"rendered":"https:\/\/planintegral.info\/?post_type=product&#038;p=515"},"modified":"2023-04-26T14:09:46","modified_gmt":"2023-04-26T14:09:46","slug":"curso-on-demand-entrenamiento-para-emprendedoras","status":"publish","type":"product","link":"https:\/\/planintegral.info\/?product=curso-on-demand-entrenamiento-para-emprendedoras","title":{"rendered":"Curso On Demand &#8211; Entrenamiento para Emprendedoras"},"content":{"rendered":"<div id=\":no\" class=\"ii gt\">\n<div id=\":14y\" class=\"a3s aiL \">\n<div dir=\"auto\">\n<div dir=\"auto\">\n<p>\ud83c\udf1f \u00a1 La formaci\u00f3n m\u00e1s pedida del a\u00f1o lleg\u00f3!<\/p>\n<p>\ud83d\ude4c No necesitas experiencia previa, en este curso te ense\u00f1o como construir el negocio desde cero, sin un mango, hasta como trabajar con cada cliente y no parar de vender.<br \/>\n\ud83d\ude4c Aprende de quien ya tiene los resultados que buscas<br \/>\n\ud83d\ude4c Este curso podes adquirirlo cuando quieras, y hacerlo a tu tiempo, a tu ritmo<br \/>\n\ud83c\udf1f Accede a las primeras clases hoy mismo.<br \/>\n\ud83c\udf1f Podes abonar con todas las tarjetas<\/p>\n<\/div>\n<\/div>\n<div class=\"yj6qo\"><\/div>\n<div class=\"adL\"><\/div>\n<\/div>\n<\/div>\n<div id=\":n0\" class=\"hq gt\">\n<div class=\"hp\"><\/div>\n<\/div>\n","protected":false},"excerpt":{"rendered":"<div dir=\"auto\">Curso On Demand &#8211; Entrenamiento para Emprendedoras<\/div>\n<div dir=\"auto\"><\/div>\n<div dir=\"auto\">En el correo electr\u00f3nico de confirmaci\u00f3n, recibir\u00e1s links de las clases grabadas, y otro link para sumarte al Grupo de WhatsApp donde se ir\u00e1 informando d\u00eda y horario de la clase en vivo para que no te quedes con ninguna duda.<\/div>\n","protected":false},"featured_media":1250,"comment_status":"closed","ping_status":"closed","template":"","meta":[],"product_brand":[],"product_cat":[24],"product_tag":[],"class_list":{"0":"post-515","1":"product","2":"type-product","3":"status-publish","4":"has-post-thumbnail","6":"product_cat-formacion","8":"first","9":"instock","10":"downloadable","11":"virtual","12":"taxable","13":"purchasable","14":"product-type-simple"},"jetpack_sharing_enabled":true,"_links":{"self":[{"href":"https:\/\/planintegral.info\/index.php?rest_route=\/wp\/v2\/product\/515","targetHints":{"allow":["GET"]}}],"collection":[{"href":"https:\/\/planintegral.info\/index.php?rest_route=\/wp\/v2\/product"}],"about":[{"href":"https:\/\/planintegral.info\/index.php?rest_route=\/wp\/v2\/types\/product"}],"replies":[{"embeddable":true,"href":"https:\/\/planintegral.info\/index.php?rest_route=%2Fwp%2Fv2%2Fcomments&post=515"}],"version-history":[{"count":9,"href":"https:\/\/planintegral.info\/index.php?rest_route=\/wp\/v2\/product\/515\/revisions"}],"predecessor-version":[{"id":1108,"href":"https:\/\/planintegral.info\/index.php?rest_route=\/wp\/v2\/product\/515\/revisions\/1108"}],"wp:featuredmedia":[{"embeddable":true,"href":"https:\/\/planintegral.info\/index.php?rest_route=\/wp\/v2\/media\/1250"}],"wp:attachment":[{"href":"https:\/\/planintegral.info\/index.php?rest_route=%2Fwp%2Fv2%2Fmedia&parent=515"}],"wp:term":[{"taxonomy":"product_brand","embeddable":true,"href":"https:\/\/planintegral.info\/index.php?rest_route=%2Fwp%2Fv2%2Fproduct_brand&post=515"},{"taxonomy":"product_cat","embeddable":true,"href":"https:\/\/planintegral.info\/index.php?rest_route=%2Fwp%2Fv2%2Fproduct_cat&post=515"},{"taxonomy":"product_tag","embeddable":true,"href":"https:\/\/planintegral.info\/index.php?rest_route=%2Fwp%2Fv2%2Fproduct_tag&post=515"}],"curies":[{"name":"wp","href":"https:\/\/api.w.org\/{rel}","templated":true}]}}