{"id":703,"date":"2023-03-03T21:15:38","date_gmt":"2023-03-03T21:15:38","guid":{"rendered":"https:\/\/planintegral.info\/?post_type=product&#038;p=703"},"modified":"2023-04-25T21:26:07","modified_gmt":"2023-04-25T21:26:07","slug":"e-book-desafio-7-dias-ayuno-intermitente","status":"publish","type":"product","link":"https:\/\/planintegral.info\/?product=e-book-desafio-7-dias-ayuno-intermitente","title":{"rendered":"E-book Desaf\u00edo 7 d\u00edas &#8211; Ayuno Intermitente"},"content":{"rendered":"","protected":false},"excerpt":{"rendered":"<p>Nuestro e-book &#8220;Desaf\u00edo 7 d\u00edas de ayuno intermitente&#8221; es una gran herramienta para quien desea empezar con esta pr\u00e1ctica o para avanzados que quieran mejorarla.<\/p>\n<p><strong>Incluye<\/strong>:<\/p>\n<p>Informaci\u00f3n nutricional<br \/>\nInformaci\u00f3n detallada sobre beneficios del AI<br \/>\nEjercicios f\u00edsicos de solo 4 min haciendo click en una de las p\u00e1ginas<br \/>\nMen\u00fa de 7 d\u00edas con sus recetas<br \/>\nGu\u00eda de preguntas y respuestas frecuentes<\/p>\n<div class=\"notranslate\" style=\"all: initial;\"><\/div>\n<div class=\"notranslate\" style=\"all: initial;\"><\/div>\n","protected":false},"featured_media":1232,"comment_status":"closed","ping_status":"closed","template":"","meta":[],"product_brand":[],"product_cat":[24],"product_tag":[],"class_list":{"0":"post-703","1":"product","2":"type-product","3":"status-publish","4":"has-post-thumbnail","6":"product_cat-formacion","8":"first","9":"instock","10":"downloadable","11":"virtual","12":"taxable","13":"purchasable","14":"product-type-simple"},"jetpack_sharing_enabled":true,"_links":{"self":[{"href":"https:\/\/planintegral.info\/index.php?rest_route=\/wp\/v2\/product\/703","targetHints":{"allow":["GET"]}}],"collection":[{"href":"https:\/\/planintegral.info\/index.php?rest_route=\/wp\/v2\/product"}],"about":[{"href":"https:\/\/planintegral.info\/index.php?rest_route=\/wp\/v2\/types\/product"}],"replies":[{"embeddable":true,"href":"https:\/\/planintegral.info\/index.php?rest_route=%2Fwp%2Fv2%2Fcomments&post=703"}],"version-history":[{"count":2,"href":"https:\/\/planintegral.info\/index.php?rest_route=\/wp\/v2\/product\/703\/revisions"}],"predecessor-version":[{"id":1231,"href":"https:\/\/planintegral.info\/index.php?rest_route=\/wp\/v2\/product\/703\/revisions\/1231"}],"wp:featuredmedia":[{"embeddable":true,"href":"https:\/\/planintegral.info\/index.php?rest_route=\/wp\/v2\/media\/1232"}],"wp:attachment":[{"href":"https:\/\/planintegral.info\/index.php?rest_route=%2Fwp%2Fv2%2Fmedia&parent=703"}],"wp:term":[{"taxonomy":"product_brand","embeddable":true,"href":"https:\/\/planintegral.info\/index.php?rest_route=%2Fwp%2Fv2%2Fproduct_brand&post=703"},{"taxonomy":"product_cat","embeddable":true,"href":"https:\/\/planintegral.info\/index.php?rest_route=%2Fwp%2Fv2%2Fproduct_cat&post=703"},{"taxonomy":"product_tag","embeddable":true,"href":"https:\/\/planintegral.info\/index.php?rest_route=%2Fwp%2Fv2%2Fproduct_tag&post=703"}],"curies":[{"name":"wp","href":"https:\/\/api.w.org\/{rel}","templated":true}]}}