{"id":873,"date":"2023-03-08T12:19:49","date_gmt":"2023-03-08T12:19:49","guid":{"rendered":"https:\/\/planintegral.info\/?post_type=product&#038;p=873"},"modified":"2023-04-27T00:19:47","modified_gmt":"2023-04-27T00:19:47","slug":"e-book-mi-plan-integral-plan-14-dias","status":"publish","type":"product","link":"https:\/\/planintegral.info\/?product=e-book-mi-plan-integral-plan-14-dias","title":{"rendered":"E-book Mi Plan Integral (Plan 14 d\u00edas)"},"content":{"rendered":"","protected":false},"excerpt":{"rendered":"<p>Dise\u00f1amos &#8220;Mi Plan Integral&#8221; junto a la Nutricionista\u00a0<a class=\"x1i10hfl xjbqb8w x6umtig x1b1mbwd xaqea5y xav7gou x9f619 x1ypdohk xt0psk2 xe8uvvx xdj266r x11i5rnm xat24cr x1mh8g0r xexx8yu x4uap5 x18d9i69 xkhd6sd x16tdsg8 x1hl2dhg xggy1nq x1a2a7pz notranslate _a6hd\" tabindex=\"0\" role=\"link\" href=\"https:\/\/www.instagram.com\/lic.rominacapra\/\">@lic.rominacapra<\/a> para aquellas personas que necesitan una gu\u00eda, una organizaci\u00f3n, e informaci\u00f3n sobre la alimentaci\u00f3n baja en carbohidratos y alta en grasas saludables, y a su vez nos dec\u00edan que no querian estar en un grupo de WHATSAPP (como acostubramos hacer)<br \/>\n\ud83d\ude4c Aqu\u00ed vas a encontrar todas esas preguntas que te haces al comenzar, o las respuestas a dudas que te hacen estancar y no avanzar.<\/p>\n<p>\u2764 No esperes m\u00e1s. Tu cambio comienza hoy!!!!<\/p>\n","protected":false},"featured_media":1174,"comment_status":"closed","ping_status":"closed","template":"","meta":[],"product_brand":[],"product_cat":[24],"product_tag":[],"class_list":{"0":"post-873","1":"product","2":"type-product","3":"status-publish","4":"has-post-thumbnail","6":"product_cat-formacion","8":"first","9":"instock","10":"downloadable","11":"virtual","12":"taxable","13":"purchasable","14":"product-type-simple"},"jetpack_sharing_enabled":true,"_links":{"self":[{"href":"https:\/\/planintegral.info\/index.php?rest_route=\/wp\/v2\/product\/873","targetHints":{"allow":["GET"]}}],"collection":[{"href":"https:\/\/planintegral.info\/index.php?rest_route=\/wp\/v2\/product"}],"about":[{"href":"https:\/\/planintegral.info\/index.php?rest_route=\/wp\/v2\/types\/product"}],"replies":[{"embeddable":true,"href":"https:\/\/planintegral.info\/index.php?rest_route=%2Fwp%2Fv2%2Fcomments&post=873"}],"version-history":[{"count":2,"href":"https:\/\/planintegral.info\/index.php?rest_route=\/wp\/v2\/product\/873\/revisions"}],"predecessor-version":[{"id":922,"href":"https:\/\/planintegral.info\/index.php?rest_route=\/wp\/v2\/product\/873\/revisions\/922"}],"wp:featuredmedia":[{"embeddable":true,"href":"https:\/\/planintegral.info\/index.php?rest_route=\/wp\/v2\/media\/1174"}],"wp:attachment":[{"href":"https:\/\/planintegral.info\/index.php?rest_route=%2Fwp%2Fv2%2Fmedia&parent=873"}],"wp:term":[{"taxonomy":"product_brand","embeddable":true,"href":"https:\/\/planintegral.info\/index.php?rest_route=%2Fwp%2Fv2%2Fproduct_brand&post=873"},{"taxonomy":"product_cat","embeddable":true,"href":"https:\/\/planintegral.info\/index.php?rest_route=%2Fwp%2Fv2%2Fproduct_cat&post=873"},{"taxonomy":"product_tag","embeddable":true,"href":"https:\/\/planintegral.info\/index.php?rest_route=%2Fwp%2Fv2%2Fproduct_tag&post=873"}],"curies":[{"name":"wp","href":"https:\/\/api.w.org\/{rel}","templated":true}]}}